{"id":1179,"date":"2022-11-04T08:50:09","date_gmt":"2022-11-04T08:50:09","guid":{"rendered":"https:\/\/www.r2f-services.fr\/?page_id=1179"},"modified":"2022-11-04T09:59:36","modified_gmt":"2022-11-04T09:59:36","slug":"nos-activites","status":"publish","type":"page","link":"https:\/\/www.r2f-services.fr\/?page_id=1179","title":{"rendered":"Nos activit\u00e9s"},"content":{"rendered":"<p>Depuis plus de 70 ans, nous mettons notre savoir \u00e0 votre disposition pour r\u00e9aliser les \u00e9tudes, les travaux et la maintenance de vos installations de chauffage, climatisation, ventilation, pompe \u00e0 chaleur\u2026<\/p>\n<p>Que vous soyez une administration, un professionnel ou un particulier nos \u00e9quipes sont \u00e0 votre disposition pour vous renseigner :<\/p>\n<p>\u2013 par mail : <a href=\"mailto:contact@r2f-services.fr\">contact@r2f-services.fr<\/a><\/p>\n<p>\u2013 par t\u00e9l\u00e9phone : 04.68.87.96.27<\/p>\n","protected":false},"excerpt":{"rendered":"<p>Depuis plus de 70 ans, nous mettons notre savoir \u00e0 votre disposition pour r\u00e9aliser les \u00e9tudes, les travaux et la maintenance de vos installations de chauffage, climatisation, ventilation, pompe \u00e0 chaleur\u2026 Que vous soyez une administration, un professionnel ou un particulier nos \u00e9quipes sont \u00e0 votre disposition pour vous renseigner : \u2013 par mail : [&hellip;]<\/p>\n","protected":false},"author":1,"featured_media":0,"parent":0,"menu_order":0,"comment_status":"closed","ping_status":"closed","template":"","meta":{"saved_in_kubio":false,"footnotes":""},"class_list":["post-1179","page","type-page","status-publish","hentry"],"kubio_ai_page_context":{"short_desc":"","purpose":"general"},"_links":{"self":[{"href":"https:\/\/www.r2f-services.fr\/index.php?rest_route=\/wp\/v2\/pages\/1179","targetHints":{"allow":["GET"]}}],"collection":[{"href":"https:\/\/www.r2f-services.fr\/index.php?rest_route=\/wp\/v2\/pages"}],"about":[{"href":"https:\/\/www.r2f-services.fr\/index.php?rest_route=\/wp\/v2\/types\/page"}],"author":[{"embeddable":true,"href":"https:\/\/www.r2f-services.fr\/index.php?rest_route=\/wp\/v2\/users\/1"}],"replies":[{"embeddable":true,"href":"https:\/\/www.r2f-services.fr\/index.php?rest_route=%2Fwp%2Fv2%2Fcomments&post=1179"}],"version-history":[{"count":2,"href":"https:\/\/www.r2f-services.fr\/index.php?rest_route=\/wp\/v2\/pages\/1179\/revisions"}],"predecessor-version":[{"id":1198,"href":"https:\/\/www.r2f-services.fr\/index.php?rest_route=\/wp\/v2\/pages\/1179\/revisions\/1198"}],"wp:attachment":[{"href":"https:\/\/www.r2f-services.fr\/index.php?rest_route=%2Fwp%2Fv2%2Fmedia&parent=1179"}],"curies":[{"name":"wp","href":"https:\/\/api.w.org\/{rel}","templated":true}]}}